{"id":15,"date":"2025-11-18T17:26:33","date_gmt":"2025-11-18T17:26:33","guid":{"rendered":"https:\/\/buffalo-club.ch\/?page_id=15"},"modified":"2026-02-06T10:18:57","modified_gmt":"2026-02-06T10:18:57","slug":"buffalo-club","status":"publish","type":"page","link":"https:\/\/buffalo-club.ch\/","title":{"rendered":""},"content":{"rendered":"\t\t<div data-elementor-type=\"wp-page\" data-elementor-id=\"15\" class=\"elementor elementor-15\">\n\t\t\t\t<div class=\"elementor-element elementor-element-20af29dc e-flex e-con-boxed e-con e-parent\" data-id=\"20af29dc\" data-element_type=\"container\">\n\t\t\t\t\t<div class=\"e-con-inner\">\n\t\t\t\t<div class=\"elementor-element elementor-element-04dea3a elementor-widget elementor-widget-image\" data-id=\"04dea3a\" data-element_type=\"widget\" data-widget_type=\"image.default\">\n\t\t\t\t\t\t\t\t\t\t\t\t\t\t\t<img decoding=\"async\" width=\"150\" height=\"150\" src=\"https:\/\/buffalo-club.ch\/wp-content\/uploads\/2026\/02\/NIRU-Vorlage-BILDER-BEARBEITUNG-KUDI-2048-x-2048-px-1-150x150.png\" class=\"attachment-thumbnail size-thumbnail wp-image-31\" alt=\"\" srcset=\"https:\/\/buffalo-club.ch\/wp-content\/uploads\/2026\/02\/NIRU-Vorlage-BILDER-BEARBEITUNG-KUDI-2048-x-2048-px-1-150x150.png 150w, https:\/\/buffalo-club.ch\/wp-content\/uploads\/2026\/02\/NIRU-Vorlage-BILDER-BEARBEITUNG-KUDI-2048-x-2048-px-1-300x300.png 300w, https:\/\/buffalo-club.ch\/wp-content\/uploads\/2026\/02\/NIRU-Vorlage-BILDER-BEARBEITUNG-KUDI-2048-x-2048-px-1-1024x1024.png 1024w, https:\/\/buffalo-club.ch\/wp-content\/uploads\/2026\/02\/NIRU-Vorlage-BILDER-BEARBEITUNG-KUDI-2048-x-2048-px-1-768x768.png 768w, https:\/\/buffalo-club.ch\/wp-content\/uploads\/2026\/02\/NIRU-Vorlage-BILDER-BEARBEITUNG-KUDI-2048-x-2048-px-1-1536x1536.png 1536w, https:\/\/buffalo-club.ch\/wp-content\/uploads\/2026\/02\/elementor\/thumbs\/NIRU-Vorlage-BILDER-BEARBEITUNG-KUDI-2048-x-2048-px-1-ripe7pqwj4aithss8cz34hpurto9xm8vhmujjxljec.png 50w, https:\/\/buffalo-club.ch\/wp-content\/uploads\/2026\/02\/elementor\/thumbs\/NIRU-Vorlage-BILDER-BEARBEITUNG-KUDI-2048-x-2048-px-1-ripe7pqxdtg0y3ieblkwlqwphymezuhvlw25uwxlf4.png 120w, https:\/\/buffalo-club.ch\/wp-content\/uploads\/2026\/02\/elementor\/thumbs\/NIRU-Vorlage-BILDER-BEARBEITUNG-KUDI-2048-x-2048-px-1-ripe7pqy44pvwwemyy3lve7q4d5e6wfb4yt9jr7xfs.png 180w, https:\/\/buffalo-club.ch\/wp-content\/uploads\/2026\/02\/elementor\/thumbs\/NIRU-Vorlage-BILDER-BEARBEITUNG-KUDI-2048-x-2048-px-1-ripe7pqxml7b9p557dr50yodpfgqq750s8z73711fc.png 140w, https:\/\/buffalo-club.ch\/wp-content\/uploads\/2026\/02\/NIRU-Vorlage-BILDER-BEARBEITUNG-KUDI-2048-x-2048-px-1.png 2048w\" sizes=\"(max-width: 150px) 100vw, 150px\" \/>\t\t\t\t\t\t\t\t\t\t\t\t\t\t\t<\/div>\n\t\t\t\t<div class=\"elementor-element elementor-element-6205e54 elementor-widget elementor-widget-heading\" data-id=\"6205e54\" data-element_type=\"widget\" data-widget_type=\"heading.default\">\n\t\t\t\t\t<h4 class=\"elementor-heading-title elementor-size-default\">Welcome to the Buffalo Club, founded in 2013!<\/h4>\t\t\t\t<\/div>\n\t\t\t\t<div class=\"elementor-element elementor-element-3c46a8a elementor-widget-divider--view-line elementor-widget elementor-widget-divider\" data-id=\"3c46a8a\" data-element_type=\"widget\" data-widget_type=\"divider.default\">\n\t\t\t\t\t\t\t<div class=\"elementor-divider\">\n\t\t\t<span class=\"elementor-divider-separator\">\n\t\t\t\t\t\t<\/span>\n\t\t<\/div>\n\t\t\t\t\t\t<\/div>\n\t\t\t\t<div class=\"elementor-element elementor-element-434ac0c elementor-widget elementor-widget-text-editor\" data-id=\"434ac0c\" data-element_type=\"widget\" data-widget_type=\"text-editor.default\">\n\t\t\t\t\t\t\t\t\t<h4>OFFICIAL CONSTITUTION<\/h4><p>as ratified by the authorized representatives, ILL PHIL, Dantheman, Chrystal White &amp; Rick James:<\/p><p>**************************<\/p><h4>\u00a7 1 Membership<\/h4><ol><li>Membership is a lifetime commitment. Once you are a member, it is impossible to leave the Buffalo Club.<\/li><li>Any person who considers themselves honorable enough may become a member of the Buffalo Club.<\/li><li>Only members of the Buffalo Club may invite new members. The membership fee is 1 CHF\/\u20ac\/$, payable by the invitee to the inviter.<\/li><\/ol><h4>\u00a7 2 General Rule<\/h4><ol><li>All Buffalo Club members must, at all times, drink any alcoholic beverage with their right hand on even hours and with their left hand on odd hours.<\/li><li>If member A witnesses member B drinking with the wrong hand for the current hour, member A shall shout &#8222;BUFFALO!&#8220;.<\/li><li>Member B must then immediately down their entire drink in one go.<\/li><\/ol><h4>\u00a7 3 False Buffalo<\/h4><ol><li>A \u201cFalse Buffalo\u201d is calling \u201cBUFFALO!\u201d at the wrong time (i.e., when the other Buffalo Club member is drinking with the correct hand).<\/li><li>If member A calls a False Buffalo on member B, member A is required to immediately down their own entire drink in one go.<\/li><li>If member A has no drink, they must down member B\u2019s drink and replace it. To avoid unfairness, the same applies if member A\u2019s own drink contains less than one quarter (1\/4) of the amount in member B\u2019s drink.<\/li><\/ol><h4>\u00a7 4 Definition of Drinking<\/h4><ol><li>\u201cDrinking\u201d is the time period from the moment the alcoholic beverage touches a member\u2019s lips until the drink is no longer in the wrong hand (i.e., the drink has been put down or transferred to the correct hand).<\/li><li>Every Buffalo Club member is obliged to tell the absolute truth when asked whether an alcoholic beverage has already touched their lips.<\/li><li>If \u201cBUFFALO!\u201d is shouted before or after this time period, nothing happens (unless it constitutes a False Buffalo under \u00a7 3).<\/li><li>\u201cBUFFALO!\u201d is considered to have been called as soon as the first sound of the word is uttered (i.e., moving the drink to the correct hand while \u201cBUFF&#8230;\u201d is being shouted does not help).<\/li><\/ol><h4>\u00a7 5 Definitions Regarding Use of Hands<\/h4><ol><li>Any involvement of a hand counts as drinking with that hand (e.g. holding the beverage, touching a straw, etc.).<\/li><li>Two-handed drinking is always considered a Buffalo.<\/li><li>No-handed drinking (e.g. drinking through a straw without holding the beverage and without touching the straw with a hand, drinking directly from a glass without use of any hands) is considered misconduct and therefore always considered a Buffalo.<\/li><\/ol><h4>\u00a7 6 Definitions Regarding Time<\/h4><ol><li>The applicable time zone is the one in which the drinking member is currently located. If the time zone cannot be determined with certainty (e.g. on an airplane in flight), the last time zone that can be determined with certainty applies (e.g. the time zone at the departure airport).<\/li><li>Incorrectly set clocks are irrelevant, even if a member has relied on them in good faith.<\/li><li>In the event of a dispute, the mobile phone clock of the member who was drinking (and received the Buffalo) shall prevail.<\/li><\/ol><h4>\u00a7 7 Handling Disagreements<\/h4><ol><li>All members of the honorable Buffalo Club are expected to behave accordingly.<\/li><li>In the event of disagreement about whether a Buffalo occurred, the majority of members present shall decide to the best of their knowledge and judgment.<\/li><li>Any disagreement may be resolved honorably for all parties by downing the disputed drink.<\/li><\/ol><p>\u00a0<\/p><p>Rules inspired by &#8222;the Official Buffalo Club&#8220; of Yves, Sam and Stee.<\/p>\t\t\t\t\t\t\t\t<\/div>\n\t\t\t\t<div class=\"elementor-element elementor-element-74ddac1 elementor-widget-divider--view-line elementor-widget elementor-widget-divider\" data-id=\"74ddac1\" data-element_type=\"widget\" data-widget_type=\"divider.default\">\n\t\t\t\t\t\t\t<div class=\"elementor-divider\">\n\t\t\t<span class=\"elementor-divider-separator\">\n\t\t\t\t\t\t<\/span>\n\t\t<\/div>\n\t\t\t\t\t\t<\/div>\n\t\t\t\t<div class=\"elementor-element elementor-element-d36063b elementor-widget elementor-widget-heading\" data-id=\"d36063b\" data-element_type=\"widget\" data-widget_type=\"heading.default\">\n\t\t\t\t\t<h4 class=\"elementor-heading-title elementor-size-default\">Willkommen beim Buffalo Club, gegr\u00fcndet 2013!<\/h4>\t\t\t\t<\/div>\n\t\t\t\t<div class=\"elementor-element elementor-element-a8e9ecf elementor-widget-divider--view-line elementor-widget elementor-widget-divider\" data-id=\"a8e9ecf\" data-element_type=\"widget\" data-widget_type=\"divider.default\">\n\t\t\t\t\t\t\t<div class=\"elementor-divider\">\n\t\t\t<span class=\"elementor-divider-separator\">\n\t\t\t\t\t\t<\/span>\n\t\t<\/div>\n\t\t\t\t\t\t<\/div>\n\t\t\t\t<div class=\"elementor-element elementor-element-7486b8a elementor-widget elementor-widget-text-editor\" data-id=\"7486b8a\" data-element_type=\"widget\" data-widget_type=\"text-editor.default\">\n\t\t\t\t\t\t\t\t\t<h4>OFFIZIELLE VERFASSUNG<\/h4><div class=\"buffalo-club\"><p>wie von den bevollm\u00e4chtigten Vertretern ILL PHIL, Dantheman, Chrystal White &amp; Rick James ratifiziert:<\/p><p>**************************<\/p><h4>\u00a7 1 Mitgliedschaft<\/h4><ol><li>Die Mitgliedschaft ist eine lebenslange Verpflichtung. Sobald du Mitglied bist, ist es unm\u00f6glich, den Buffalo Club jemals wieder zu verlassen.<\/li><li>Jede Person, die sich selbst f\u00fcr ehrenhaft genug h\u00e4lt, kann Mitglied des Buffalo Clubs werden.<\/li><li>Nur Mitglieder des Buffalo Clubs d\u00fcrfen neue Mitglieder einladen. Die Mitgliedsgeb\u00fchr betr\u00e4gt 1 CHF\/\u20ac\/$ und ist vom Eingeladenen an den Einladenden zu bezahlen.<\/li><\/ol><h4>\u00a7 2 Grundregel<\/h4><ol><li>Alle Mitglieder des Buffalo Clubs m\u00fcssen jederzeit jedes alkoholische Getr\u00e4nk in geraden Stunden mit der rechten Hand und in ungeraden Stunden mit der linken Hand trinken.<\/li><li>Wenn Mitglied A beobachtet, dass Mitglied B in der betreffenden Stunde mit der falschen Hand trinkt, hat Mitglied A \u201eBUFFALO!\u201c zu rufen.<\/li><li>Mitglied B muss daraufhin unverz\u00fcglich sein gesamtes Getr\u00e4nk in einem Zug austrinken.<\/li><\/ol><h4>\u00a7 3 Falscher Buffalo<\/h4><ol><li>Ein \u201efalscher Buffalo\u201c ist das Rufen von \u201eBUFFALO!\u201c zur falschen Zeit (d. h. wenn das andere Mitglied tats\u00e4chlich mit der korrekten Hand trinkt).<\/li><li>Sofern Mitglied A gegen\u00fcber Mitglied B einen falschen Buffalo ausruft, ist Mitglied A verpflichtet, unverz\u00fcglich sein eigenes Getr\u00e4nk in einem Zug auszutrinken.<\/li><li>Hat Mitglied A kein eigenes Getr\u00e4nk, muss es unverz\u00fcglich das Getr\u00e4nk von Mitglied B in einem Zug austrinken und ersetzen. Um Unfairness zu vermeiden, gilt dasselbe, wenn das eigene Getr\u00e4nk von Mitglied A weniger als ein Viertel (1\/4) der Menge des Getr\u00e4nks von Mitglied B enth\u00e4lt.<\/li><\/ol><h4>\u00a7 4 Definition des Trinkens<\/h4><ol><li>\u201eTrinken\u201c ist der Zeitraum vom Moment an, in dem das alkoholische Getr\u00e4nk die Lippen eines Mitglieds ber\u00fchrt, bis das Getr\u00e4nk nicht mehr in der falschen Hand ist (d. h. das Getr\u00e4nk wurde abgestellt oder in die korrekte Hand gewechselt).<\/li><li>Jedes Mitglied des Buffalo Clubs ist verpflichtet, die absolute Wahrheit zu sagen, wenn es gefragt wird, ob ein alkoholisches Getr\u00e4nk die Lippen des Mitglieds bereits ber\u00fchrt hat.<\/li><li>Wird \u201eBUFFALO!\u201c vor oder nach diesem Zeitraum gerufen, passiert nichts (es sei denn, es handelt sich um einen falschen Buffalo gem\u00e4ss \u00a7 3).<\/li><li>\u201eBUFFALO!\u201c gilt als gerufen, sobald der erste Laut des Wortes ausgesprochen ist (d. h. das Getr\u00e4nk in die korrekte Hand zu wechseln, w\u00e4hrend \u201eBUFF&#8230;\u201c gerufen wird, hilft nicht).<\/li><\/ol><h4>\u00a7 5 Definitionen zur Benutzung der H\u00e4nde<\/h4><ol><li>Jede Beteiligung einer Hand gilt als Trinken mit dieser Hand (z. B. das Getr\u00e4nk halten, einen Strohhalm ber\u00fchren usw.).<\/li><li>Zweih\u00e4ndiges Trinken gilt immer als ein Buffalo.<\/li><li>H\u00e4ndeloses Trinken (z. B. durch einen Strohhalm trinken, ohne das Getr\u00e4nk zu halten und ohne den Strohhalm mit einer Hand zu ber\u00fchren; direkt aus einem Glas trinken, ohne irgendeine Hand zu benutzen) gilt als Fehlverhalten und daher immer als ein Buffalo.<\/li><\/ol><h4>\u00a7 6 Definitionen zur massgebenden Zeit<\/h4><ol><li>Massgeblich ist die Zeitzone, in der sich das trinkende Mitglied aktuell befindet. Kann die Zeitzone nicht mit Sicherheit bestimmt werden (z. B. in einem fliegenden Flugzeug), gilt die letzte Zeitzone, die mit Sicherheit bestimmt werden kann (z. B. die Zeitzone am Abflughafen).<\/li><li>Falsch eingestellte Uhren sind unerheblich, selbst wenn ein Mitglied in gutem Glauben darauf vertraut hat.<\/li><li>Im Streitfall ist die Uhrzeit auf dem Mobiltelefon des Mitglieds massgeblich, das getrunken hat (und das den Buffalo kassiert hat).<\/li><\/ol><h4>\u00a7 7 Umgang mit Meinungsverschiedenheiten<\/h4><ol><li>Von allen Mitgliedern des ehrenhaften Buffalo Clubs wird erwartet, sich entsprechend zu verhalten.<\/li><li>Bei Meinungsverschiedenheiten dar\u00fcber, ob ein Buffalo vorgekommen ist, entscheidet die Mehrheit der anwesenden Mitglieder nach bestem Wissen und Gewissen.<\/li><li>Jede Meinungsverschiedenheit kann f\u00fcr alle Beteiligten ehrenhaft dadurch beigelegt werden, dass das strittige Getr\u00e4nk in einem Zug ausgetrunken wird.<\/li><\/ol><p>\u00a0<\/p><p>Regeln inspiriert von \u201ethe Official Buffalo Club\u201c von Yves, Sam und Stee.<\/p><\/div>\t\t\t\t\t\t\t\t<\/div>\n\t\t\t\t\t<\/div>\n\t\t\t\t<\/div>\n\t\t\t\t<\/div>\n\t\t","protected":false},"excerpt":{"rendered":"<p>Welcome to the Buffalo Club, founded in 2013! OFFICIAL CONSTITUTION as ratified by the authorized representatives, ILL PHIL, Dantheman, Chrystal White &amp; Rick James: ************************** \u00a7 1 Membership Membership is a lifetime commitment. Once you are a member, it is impossible to leave the Buffalo Club. Any person who considers themselves honorable enough may become [&hellip;]<\/p>\n","protected":false},"author":1,"featured_media":0,"parent":0,"menu_order":0,"comment_status":"closed","ping_status":"closed","template":"","meta":{"footnotes":""},"class_list":["post-15","page","type-page","status-publish","hentry"],"yoast_head":"<!-- This site is optimized with the Yoast SEO plugin v26.4 - https:\/\/yoast.com\/wordpress\/plugins\/seo\/ -->\n<title>-<\/title>\n<meta name=\"robots\" content=\"index, follow, max-snippet:-1, max-image-preview:large, max-video-preview:-1\" \/>\n<link rel=\"canonical\" href=\"https:\/\/buffalo-club.ch\/\" \/>\n<meta property=\"og:locale\" content=\"de_DE\" \/>\n<meta property=\"og:type\" content=\"article\" \/>\n<meta property=\"og:title\" content=\"-\" \/>\n<meta property=\"og:description\" content=\"Welcome to the Buffalo Club, founded in 2013! OFFICIAL CONSTITUTION as ratified by the authorized representatives, ILL PHIL, Dantheman, Chrystal White &amp; Rick James: ************************** \u00a7 1 Membership Membership is a lifetime commitment. Once you are a member, it is impossible to leave the Buffalo Club. Any person who considers themselves honorable enough may become [&hellip;]\" \/>\n<meta property=\"og:url\" content=\"https:\/\/buffalo-club.ch\/\" \/>\n<meta property=\"article:modified_time\" content=\"2026-02-06T10:18:57+00:00\" \/>\n<meta property=\"og:image\" content=\"https:\/\/buffalo-club.ch\/wp-content\/uploads\/2026\/02\/NIRU-Vorlage-BILDER-BEARBEITUNG-KUDI-2048-x-2048-px-1.png\" \/>\n\t<meta property=\"og:image:width\" content=\"2048\" \/>\n\t<meta property=\"og:image:height\" content=\"2048\" \/>\n\t<meta property=\"og:image:type\" content=\"image\/png\" \/>\n<meta name=\"twitter:card\" content=\"summary_large_image\" \/>\n<meta name=\"twitter:label1\" content=\"Gesch\u00e4tzte Lesezeit\" \/>\n\t<meta name=\"twitter:data1\" content=\"7\u00a0Minuten\" \/>\n<script type=\"application\/ld+json\" class=\"yoast-schema-graph\">{\"@context\":\"https:\/\/schema.org\",\"@graph\":[{\"@type\":\"WebPage\",\"@id\":\"https:\/\/buffalo-club.ch\/\",\"url\":\"https:\/\/buffalo-club.ch\/\",\"name\":\"-\",\"isPartOf\":{\"@id\":\"https:\/\/buffalo-club.ch\/#website\"},\"primaryImageOfPage\":{\"@id\":\"https:\/\/buffalo-club.ch\/#primaryimage\"},\"image\":{\"@id\":\"https:\/\/buffalo-club.ch\/#primaryimage\"},\"thumbnailUrl\":\"https:\/\/buffalo-club.ch\/wp-content\/uploads\/2026\/02\/NIRU-Vorlage-BILDER-BEARBEITUNG-KUDI-2048-x-2048-px-1-150x150.png\",\"datePublished\":\"2025-11-18T17:26:33+00:00\",\"dateModified\":\"2026-02-06T10:18:57+00:00\",\"inLanguage\":\"de\",\"potentialAction\":[{\"@type\":\"ReadAction\",\"target\":[\"https:\/\/buffalo-club.ch\/\"]}]},{\"@type\":\"ImageObject\",\"inLanguage\":\"de\",\"@id\":\"https:\/\/buffalo-club.ch\/#primaryimage\",\"url\":\"https:\/\/buffalo-club.ch\/wp-content\/uploads\/2026\/02\/NIRU-Vorlage-BILDER-BEARBEITUNG-KUDI-2048-x-2048-px-1.png\",\"contentUrl\":\"https:\/\/buffalo-club.ch\/wp-content\/uploads\/2026\/02\/NIRU-Vorlage-BILDER-BEARBEITUNG-KUDI-2048-x-2048-px-1.png\",\"width\":2048,\"height\":2048},{\"@type\":\"WebSite\",\"@id\":\"https:\/\/buffalo-club.ch\/#website\",\"url\":\"https:\/\/buffalo-club.ch\/\",\"name\":\"\",\"description\":\"\",\"potentialAction\":[{\"@type\":\"SearchAction\",\"target\":{\"@type\":\"EntryPoint\",\"urlTemplate\":\"https:\/\/buffalo-club.ch\/?s={search_term_string}\"},\"query-input\":{\"@type\":\"PropertyValueSpecification\",\"valueRequired\":true,\"valueName\":\"search_term_string\"}}],\"inLanguage\":\"de\"}]}<\/script>\n<!-- \/ Yoast SEO plugin. -->","yoast_head_json":{"title":"-","robots":{"index":"index","follow":"follow","max-snippet":"max-snippet:-1","max-image-preview":"max-image-preview:large","max-video-preview":"max-video-preview:-1"},"canonical":"https:\/\/buffalo-club.ch\/","og_locale":"de_DE","og_type":"article","og_title":"-","og_description":"Welcome to the Buffalo Club, founded in 2013! OFFICIAL CONSTITUTION as ratified by the authorized representatives, ILL PHIL, Dantheman, Chrystal White &amp; Rick James: ************************** \u00a7 1 Membership Membership is a lifetime commitment. Once you are a member, it is impossible to leave the Buffalo Club. Any person who considers themselves honorable enough may become [&hellip;]","og_url":"https:\/\/buffalo-club.ch\/","article_modified_time":"2026-02-06T10:18:57+00:00","og_image":[{"width":2048,"height":2048,"url":"https:\/\/buffalo-club.ch\/wp-content\/uploads\/2026\/02\/NIRU-Vorlage-BILDER-BEARBEITUNG-KUDI-2048-x-2048-px-1.png","type":"image\/png"}],"twitter_card":"summary_large_image","twitter_misc":{"Gesch\u00e4tzte Lesezeit":"7\u00a0Minuten"},"schema":{"@context":"https:\/\/schema.org","@graph":[{"@type":"WebPage","@id":"https:\/\/buffalo-club.ch\/","url":"https:\/\/buffalo-club.ch\/","name":"-","isPartOf":{"@id":"https:\/\/buffalo-club.ch\/#website"},"primaryImageOfPage":{"@id":"https:\/\/buffalo-club.ch\/#primaryimage"},"image":{"@id":"https:\/\/buffalo-club.ch\/#primaryimage"},"thumbnailUrl":"https:\/\/buffalo-club.ch\/wp-content\/uploads\/2026\/02\/NIRU-Vorlage-BILDER-BEARBEITUNG-KUDI-2048-x-2048-px-1-150x150.png","datePublished":"2025-11-18T17:26:33+00:00","dateModified":"2026-02-06T10:18:57+00:00","inLanguage":"de","potentialAction":[{"@type":"ReadAction","target":["https:\/\/buffalo-club.ch\/"]}]},{"@type":"ImageObject","inLanguage":"de","@id":"https:\/\/buffalo-club.ch\/#primaryimage","url":"https:\/\/buffalo-club.ch\/wp-content\/uploads\/2026\/02\/NIRU-Vorlage-BILDER-BEARBEITUNG-KUDI-2048-x-2048-px-1.png","contentUrl":"https:\/\/buffalo-club.ch\/wp-content\/uploads\/2026\/02\/NIRU-Vorlage-BILDER-BEARBEITUNG-KUDI-2048-x-2048-px-1.png","width":2048,"height":2048},{"@type":"WebSite","@id":"https:\/\/buffalo-club.ch\/#website","url":"https:\/\/buffalo-club.ch\/","name":"","description":"","potentialAction":[{"@type":"SearchAction","target":{"@type":"EntryPoint","urlTemplate":"https:\/\/buffalo-club.ch\/?s={search_term_string}"},"query-input":{"@type":"PropertyValueSpecification","valueRequired":true,"valueName":"search_term_string"}}],"inLanguage":"de"}]}},"_links":{"self":[{"href":"https:\/\/buffalo-club.ch\/index.php?rest_route=\/wp\/v2\/pages\/15","targetHints":{"allow":["GET"]}}],"collection":[{"href":"https:\/\/buffalo-club.ch\/index.php?rest_route=\/wp\/v2\/pages"}],"about":[{"href":"https:\/\/buffalo-club.ch\/index.php?rest_route=\/wp\/v2\/types\/page"}],"author":[{"embeddable":true,"href":"https:\/\/buffalo-club.ch\/index.php?rest_route=\/wp\/v2\/users\/1"}],"replies":[{"embeddable":true,"href":"https:\/\/buffalo-club.ch\/index.php?rest_route=%2Fwp%2Fv2%2Fcomments&post=15"}],"version-history":[{"count":32,"href":"https:\/\/buffalo-club.ch\/index.php?rest_route=\/wp\/v2\/pages\/15\/revisions"}],"predecessor-version":[{"id":72,"href":"https:\/\/buffalo-club.ch\/index.php?rest_route=\/wp\/v2\/pages\/15\/revisions\/72"}],"wp:attachment":[{"href":"https:\/\/buffalo-club.ch\/index.php?rest_route=%2Fwp%2Fv2%2Fmedia&parent=15"}],"curies":[{"name":"wp","href":"https:\/\/api.w.org\/{rel}","templated":true}]}}